{"id":11,"date":"2017-04-21T08:25:15","date_gmt":"2017-04-21T06:25:15","guid":{"rendered":"http:\/\/www.wildenauer.at\/wordpress\/?page_id=11"},"modified":"2021-04-30T10:13:06","modified_gmt":"2021-04-30T08:13:06","slug":"kontakt","status":"publish","type":"page","link":"https:\/\/www.wildenauer.at\/index.php\/kontakt\/","title":{"rendered":"Kontakt"},"content":{"rendered":"","protected":false},"excerpt":{"rendered":"","protected":false},"author":1,"featured_media":4000,"parent":0,"menu_order":21,"comment_status":"closed","ping_status":"closed","template":"page-templates\/template-content-boxes.php","meta":{"footnotes":""},"class_list":["post-11","page","type-page","status-publish","has-post-thumbnail","hentry"],"yoast_head":"<!-- This site is optimized with the Yoast SEO plugin v27.4 - https:\/\/yoast.com\/product\/yoast-seo-wordpress\/ -->\n<title>Wildenauer&#039;s - Restaurant, Caf\u00e9 und Hotel | Kontakt<\/title>\n<meta name=\"description\" content=\"Wir begr\u00fc\u00dfen Sie zu einem angenehmen Besuch im Wildenauer\u2019s. Wir planen auch gerne Ihre Familien- oder Firmenfeier. Unter fachkundiger Serviceleitung bieten wir unseren G\u00e4sten K\u00f6stlichkeiten aus der heimischen K\u00fcche in angenehmer Atmosph\u00e4re.\" \/>\n<meta name=\"robots\" content=\"index, follow, max-snippet:-1, max-image-preview:large, max-video-preview:-1\" \/>\n<link rel=\"canonical\" href=\"https:\/\/www.wildenauer.at\/index.php\/kontakt\/\" \/>\n<meta property=\"og:locale\" content=\"de_DE\" \/>\n<meta property=\"og:type\" content=\"article\" \/>\n<meta property=\"og:title\" content=\"Wildenauer&#039;s - Restaurant, Caf\u00e9 und Hotel | Kontakt\" \/>\n<meta property=\"og:description\" content=\"Wir begr\u00fc\u00dfen Sie zu einem angenehmen Besuch im Wildenauer\u2019s. Wir planen auch gerne Ihre Familien- oder Firmenfeier. Unter fachkundiger Serviceleitung bieten wir unseren G\u00e4sten K\u00f6stlichkeiten aus der heimischen K\u00fcche in angenehmer Atmosph\u00e4re.\" \/>\n<meta property=\"og:url\" content=\"https:\/\/www.wildenauer.at\/index.php\/kontakt\/\" \/>\n<meta property=\"og:site_name\" content=\"Wildenauer&#039;s\" \/>\n<meta property=\"article:modified_time\" content=\"2021-04-30T08:13:06+00:00\" \/>\n<meta property=\"og:image\" content=\"https:\/\/www.wildenauer.at\/wordpress\/wp-content\/uploads\/2017\/04\/Wildenauers-51.jpeg\" \/>\n\t<meta property=\"og:image:width\" content=\"2000\" \/>\n\t<meta property=\"og:image:height\" content=\"938\" \/>\n\t<meta property=\"og:image:type\" content=\"image\/jpeg\" \/>\n<meta name=\"twitter:card\" content=\"summary_large_image\" \/>\n<script type=\"application\/ld+json\" class=\"yoast-schema-graph\">{\"@context\":\"https:\\\/\\\/schema.org\",\"@graph\":[{\"@type\":\"WebPage\",\"@id\":\"https:\\\/\\\/www.wildenauer.at\\\/index.php\\\/kontakt\\\/\",\"url\":\"https:\\\/\\\/www.wildenauer.at\\\/index.php\\\/kontakt\\\/\",\"name\":\"Wildenauer's - Restaurant, Caf\u00e9 und Hotel | Kontakt\",\"isPartOf\":{\"@id\":\"https:\\\/\\\/www.wildenauer.at\\\/#website\"},\"primaryImageOfPage\":{\"@id\":\"https:\\\/\\\/www.wildenauer.at\\\/index.php\\\/kontakt\\\/#primaryimage\"},\"image\":{\"@id\":\"https:\\\/\\\/www.wildenauer.at\\\/index.php\\\/kontakt\\\/#primaryimage\"},\"thumbnailUrl\":\"https:\\\/\\\/www.wildenauer.at\\\/wordpress\\\/wp-content\\\/uploads\\\/2017\\\/04\\\/Wildenauers-51.jpeg\",\"datePublished\":\"2017-04-21T06:25:15+00:00\",\"dateModified\":\"2021-04-30T08:13:06+00:00\",\"description\":\"Wir begr\u00fc\u00dfen Sie zu einem angenehmen Besuch im Wildenauer\u2019s. Wir planen auch gerne Ihre Familien- oder Firmenfeier. Unter fachkundiger Serviceleitung bieten wir unseren G\u00e4sten K\u00f6stlichkeiten aus der heimischen K\u00fcche in angenehmer Atmosph\u00e4re.\",\"breadcrumb\":{\"@id\":\"https:\\\/\\\/www.wildenauer.at\\\/index.php\\\/kontakt\\\/#breadcrumb\"},\"inLanguage\":\"de\",\"potentialAction\":[{\"@type\":\"ReadAction\",\"target\":[\"https:\\\/\\\/www.wildenauer.at\\\/index.php\\\/kontakt\\\/\"]}]},{\"@type\":\"ImageObject\",\"inLanguage\":\"de\",\"@id\":\"https:\\\/\\\/www.wildenauer.at\\\/index.php\\\/kontakt\\\/#primaryimage\",\"url\":\"https:\\\/\\\/www.wildenauer.at\\\/wordpress\\\/wp-content\\\/uploads\\\/2017\\\/04\\\/Wildenauers-51.jpeg\",\"contentUrl\":\"https:\\\/\\\/www.wildenauer.at\\\/wordpress\\\/wp-content\\\/uploads\\\/2017\\\/04\\\/Wildenauers-51.jpeg\",\"width\":2000,\"height\":938},{\"@type\":\"BreadcrumbList\",\"@id\":\"https:\\\/\\\/www.wildenauer.at\\\/index.php\\\/kontakt\\\/#breadcrumb\",\"itemListElement\":[{\"@type\":\"ListItem\",\"position\":1,\"name\":\"Startseite\",\"item\":\"https:\\\/\\\/www.wildenauer.at\\\/\"},{\"@type\":\"ListItem\",\"position\":2,\"name\":\"Kontakt\"}]},{\"@type\":\"WebSite\",\"@id\":\"https:\\\/\\\/www.wildenauer.at\\\/#website\",\"url\":\"https:\\\/\\\/www.wildenauer.at\\\/\",\"name\":\"Wildenauer&#039;s\",\"description\":\"Restaurant und G\u00e4stezimmer in Biedermannsdorf bei Wien\",\"potentialAction\":[{\"@type\":\"SearchAction\",\"target\":{\"@type\":\"EntryPoint\",\"urlTemplate\":\"https:\\\/\\\/www.wildenauer.at\\\/?s={search_term_string}\"},\"query-input\":{\"@type\":\"PropertyValueSpecification\",\"valueRequired\":true,\"valueName\":\"search_term_string\"}}],\"inLanguage\":\"de\"}]}<\/script>\n<!-- \/ Yoast SEO plugin. -->","yoast_head_json":{"title":"Wildenauer's - Restaurant, Caf\u00e9 und Hotel | Kontakt","description":"Wir begr\u00fc\u00dfen Sie zu einem angenehmen Besuch im Wildenauer\u2019s. Wir planen auch gerne Ihre Familien- oder Firmenfeier. Unter fachkundiger Serviceleitung bieten wir unseren G\u00e4sten K\u00f6stlichkeiten aus der heimischen K\u00fcche in angenehmer Atmosph\u00e4re.","robots":{"index":"index","follow":"follow","max-snippet":"max-snippet:-1","max-image-preview":"max-image-preview:large","max-video-preview":"max-video-preview:-1"},"canonical":"https:\/\/www.wildenauer.at\/index.php\/kontakt\/","og_locale":"de_DE","og_type":"article","og_title":"Wildenauer's - Restaurant, Caf\u00e9 und Hotel | Kontakt","og_description":"Wir begr\u00fc\u00dfen Sie zu einem angenehmen Besuch im Wildenauer\u2019s. Wir planen auch gerne Ihre Familien- oder Firmenfeier. Unter fachkundiger Serviceleitung bieten wir unseren G\u00e4sten K\u00f6stlichkeiten aus der heimischen K\u00fcche in angenehmer Atmosph\u00e4re.","og_url":"https:\/\/www.wildenauer.at\/index.php\/kontakt\/","og_site_name":"Wildenauer&#039;s","article_modified_time":"2021-04-30T08:13:06+00:00","og_image":[{"width":2000,"height":938,"url":"https:\/\/www.wildenauer.at\/wordpress\/wp-content\/uploads\/2017\/04\/Wildenauers-51.jpeg","type":"image\/jpeg"}],"twitter_card":"summary_large_image","schema":{"@context":"https:\/\/schema.org","@graph":[{"@type":"WebPage","@id":"https:\/\/www.wildenauer.at\/index.php\/kontakt\/","url":"https:\/\/www.wildenauer.at\/index.php\/kontakt\/","name":"Wildenauer's - Restaurant, Caf\u00e9 und Hotel | Kontakt","isPartOf":{"@id":"https:\/\/www.wildenauer.at\/#website"},"primaryImageOfPage":{"@id":"https:\/\/www.wildenauer.at\/index.php\/kontakt\/#primaryimage"},"image":{"@id":"https:\/\/www.wildenauer.at\/index.php\/kontakt\/#primaryimage"},"thumbnailUrl":"https:\/\/www.wildenauer.at\/wordpress\/wp-content\/uploads\/2017\/04\/Wildenauers-51.jpeg","datePublished":"2017-04-21T06:25:15+00:00","dateModified":"2021-04-30T08:13:06+00:00","description":"Wir begr\u00fc\u00dfen Sie zu einem angenehmen Besuch im Wildenauer\u2019s. Wir planen auch gerne Ihre Familien- oder Firmenfeier. Unter fachkundiger Serviceleitung bieten wir unseren G\u00e4sten K\u00f6stlichkeiten aus der heimischen K\u00fcche in angenehmer Atmosph\u00e4re.","breadcrumb":{"@id":"https:\/\/www.wildenauer.at\/index.php\/kontakt\/#breadcrumb"},"inLanguage":"de","potentialAction":[{"@type":"ReadAction","target":["https:\/\/www.wildenauer.at\/index.php\/kontakt\/"]}]},{"@type":"ImageObject","inLanguage":"de","@id":"https:\/\/www.wildenauer.at\/index.php\/kontakt\/#primaryimage","url":"https:\/\/www.wildenauer.at\/wordpress\/wp-content\/uploads\/2017\/04\/Wildenauers-51.jpeg","contentUrl":"https:\/\/www.wildenauer.at\/wordpress\/wp-content\/uploads\/2017\/04\/Wildenauers-51.jpeg","width":2000,"height":938},{"@type":"BreadcrumbList","@id":"https:\/\/www.wildenauer.at\/index.php\/kontakt\/#breadcrumb","itemListElement":[{"@type":"ListItem","position":1,"name":"Startseite","item":"https:\/\/www.wildenauer.at\/"},{"@type":"ListItem","position":2,"name":"Kontakt"}]},{"@type":"WebSite","@id":"https:\/\/www.wildenauer.at\/#website","url":"https:\/\/www.wildenauer.at\/","name":"Wildenauer&#039;s","description":"Restaurant und G\u00e4stezimmer in Biedermannsdorf bei Wien","potentialAction":[{"@type":"SearchAction","target":{"@type":"EntryPoint","urlTemplate":"https:\/\/www.wildenauer.at\/?s={search_term_string}"},"query-input":{"@type":"PropertyValueSpecification","valueRequired":true,"valueName":"search_term_string"}}],"inLanguage":"de"}]}},"_links":{"self":[{"href":"https:\/\/www.wildenauer.at\/index.php\/wp-json\/wp\/v2\/pages\/11","targetHints":{"allow":["GET"]}}],"collection":[{"href":"https:\/\/www.wildenauer.at\/index.php\/wp-json\/wp\/v2\/pages"}],"about":[{"href":"https:\/\/www.wildenauer.at\/index.php\/wp-json\/wp\/v2\/types\/page"}],"author":[{"embeddable":true,"href":"https:\/\/www.wildenauer.at\/index.php\/wp-json\/wp\/v2\/users\/1"}],"replies":[{"embeddable":true,"href":"https:\/\/www.wildenauer.at\/index.php\/wp-json\/wp\/v2\/comments?post=11"}],"version-history":[{"count":8,"href":"https:\/\/www.wildenauer.at\/index.php\/wp-json\/wp\/v2\/pages\/11\/revisions"}],"predecessor-version":[{"id":4081,"href":"https:\/\/www.wildenauer.at\/index.php\/wp-json\/wp\/v2\/pages\/11\/revisions\/4081"}],"wp:featuredmedia":[{"embeddable":true,"href":"https:\/\/www.wildenauer.at\/index.php\/wp-json\/wp\/v2\/media\/4000"}],"wp:attachment":[{"href":"https:\/\/www.wildenauer.at\/index.php\/wp-json\/wp\/v2\/media?parent=11"}],"curies":[{"name":"wp","href":"https:\/\/api.w.org\/{rel}","templated":true}]}}