{"id":1814,"date":"2015-03-21T14:21:48","date_gmt":"2015-03-21T13:21:48","guid":{"rendered":"http:\/\/localhost:8888\/wordpress4\/?page_id=1814"},"modified":"2026-03-31T12:11:49","modified_gmt":"2026-03-31T10:11:49","slug":"drinks-section","status":"publish","type":"page","link":"https:\/\/www.wildenauer.at\/index.php\/drinks-section\/","title":{"rendered":"Speisekarte Tagesangebot"},"content":{"rendered":"<h2 class=\"menu-category-title\" style=\"text-align: center;\">Unsere aktuellen \u00d6ffnungszeiten<\/h2>\n<p><center><strong>Sonntag, Montag:<\/strong> Ruhetag<br \/>\n<strong>Dienstag bis Samstag:<\/strong> 11:00 bis 23:00 Uhr<br \/>\n<strong>Feiertags:<\/strong> geschlossen<br \/>\n<strong>K\u00dcCHE: Dienstag bis Samstag:<\/strong> 11:30 bis 21:00<\/center><\/p>\n<h6 class=\"menu-item-title\" style=\"text-align: center;\"><\/h6>\n<h2 class=\"menu-category-title\" style=\"text-align: center;\">Unser Wochenmen\u00fc<\/h2>\n<p class=\"menu-item-description\" style=\"text-align: center;\"><b><strong>von Di. 31.03. &#8211; Fr. 03.04.<\/strong><br \/>\n<\/b>Jedes Men\u00fc besteht aus dem Tagesteller inkl. Tagessuppe.<\/p>\n<h6 style=\"text-align: center;\">DIENSTAG:<\/h6>\n<p style=\"text-align: center;\"><strong>Tagesteller:<\/strong> Backhendl mit Erd\u00e4fpel-Gurken-Salat | \u20ac 12,50<br \/>\n<strong>Men\u00fc:<\/strong> Tagesteller inkl. Erd\u00e4pfelcremesuppe | \u20ac 14,50<\/p>\n<h6 style=\"text-align: center;\">MITTWOCH:<\/h6>\n<p style=\"text-align: center;\"><strong>Tagesteller:<\/strong> Kaspresskn\u00f6del mit H\u00e4uplsalat | \u20ac 12,50<br \/>\n<strong>Men\u00fc:<\/strong> Tagesteller inkl. Erbsen-Gem\u00fcse-Suppe | \u20ac 14,50<\/p>\n<h6 style=\"text-align: center;\">DONNERSTAG:<\/h6>\n<p style=\"text-align: center;\"><strong>Tagesteller:<\/strong> Cremespinat mit R\u00f6sti und Spiegelei | \u20ac 12,50<br \/>\n<strong>Men\u00fc:<\/strong> Tagesteller inkl. Petersilcremesuppe | \u20ac 14,50<\/p>\n<h6 class=\"menu-item-title\" style=\"text-align: center;\">FREITAG:<\/h6>\n<p style=\"text-align: center;\"><strong>Tagesteller:<\/strong> Kabeljaufilet gebacken mit Petersilerd\u00e4pfel und Sc. Tartare | \u20ac 13,90<br \/>\n<strong>Men\u00fc:<\/strong> Tagesteller inkl. Maiscremesuppe | \u20ac 15,90<\/p>\n<p>&nbsp;<\/p>\n<h2 class=\"menu-category-title\" style=\"text-align: center;\">Backhendl Box<\/h2>\n<p><center><img decoding=\"async\" class=\"aligncenter\" style=\"display: block; margin-left: auto; margin-right: auto;\" src=\"http:\/\/www.wildenauer.at\/wordpress\/wp-content\/uploads\/2025\/07\/backhendl-aktuell.png\" width=\"500px\" \/><\/center>&nbsp;<\/p>\n","protected":false},"excerpt":{"rendered":"<p>Unsere aktuellen \u00d6ffnungszeiten Sonntag, Montag: Ruhetag Dienstag bis Samstag: 11:00 bis 23:00 Uhr Feiertags: geschlossen K\u00dcCHE: Dienstag bis Samstag: 11:30 bis 21:00 Unser Wochenmen\u00fc von Di. 31.03. &#8211; Fr. 03.04&#8230;. <a class=\"more-link\" href=\"https:\/\/www.wildenauer.at\/index.php\/drinks-section\/\"><span class=\"button button-outline button-dark\" style=\"background-color: transparent;\"> read more <i class=\"fa fa-long-arrow-right\"><\/i><\/span><\/a><\/p>\n","protected":false},"author":1,"featured_media":4076,"parent":0,"menu_order":16,"comment_status":"open","ping_status":"closed","template":"","meta":{"footnotes":""},"class_list":["post-1814","page","type-page","status-publish","has-post-thumbnail","hentry"],"yoast_head":"<!-- This site is optimized with the Yoast SEO plugin v27.3 - https:\/\/yoast.com\/product\/yoast-seo-wordpress\/ -->\n<title>Speisekarte Tagesangebot - Wildenauer&#039;s<\/title>\n<meta name=\"robots\" content=\"index, follow, max-snippet:-1, max-image-preview:large, max-video-preview:-1\" \/>\n<link rel=\"canonical\" href=\"https:\/\/www.wildenauer.at\/index.php\/drinks-section\/\" \/>\n<meta property=\"og:locale\" content=\"de_DE\" \/>\n<meta property=\"og:type\" content=\"article\" \/>\n<meta property=\"og:title\" content=\"Speisekarte Tagesangebot - Wildenauer&#039;s\" \/>\n<meta property=\"og:description\" content=\"Unsere aktuellen \u00d6ffnungszeiten Sonntag, Montag: Ruhetag Dienstag bis Samstag: 11:00 bis 23:00 Uhr Feiertags: geschlossen K\u00dcCHE: Dienstag bis Samstag: 11:30 bis 21:00 Unser Wochenmen\u00fc von Di. 31.03. &#8211; Fr. 03.04.... read more\" \/>\n<meta property=\"og:url\" content=\"https:\/\/www.wildenauer.at\/index.php\/drinks-section\/\" \/>\n<meta property=\"og:site_name\" content=\"Wildenauer&#039;s\" \/>\n<meta property=\"article:modified_time\" content=\"2026-03-31T10:11:49+00:00\" \/>\n<meta property=\"og:image\" content=\"http:\/\/www.wildenauer.at\/wordpress\/wp-content\/uploads\/2015\/03\/Stocksy_txpcd1dc0eemKP100_Medium_1292869.jpg\" \/>\n\t<meta property=\"og:image:width\" content=\"1733\" \/>\n\t<meta property=\"og:image:height\" content=\"1155\" \/>\n\t<meta property=\"og:image:type\" content=\"image\/jpeg\" \/>\n<meta name=\"twitter:card\" content=\"summary_large_image\" \/>\n<meta name=\"twitter:label1\" content=\"Gesch\u00e4tzte Lesezeit\" \/>\n\t<meta name=\"twitter:data1\" content=\"1\u00a0Minute\" \/>\n<script type=\"application\/ld+json\" class=\"yoast-schema-graph\">{\"@context\":\"https:\\\/\\\/schema.org\",\"@graph\":[{\"@type\":\"WebPage\",\"@id\":\"https:\\\/\\\/www.wildenauer.at\\\/index.php\\\/drinks-section\\\/\",\"url\":\"https:\\\/\\\/www.wildenauer.at\\\/index.php\\\/drinks-section\\\/\",\"name\":\"Speisekarte Tagesangebot - Wildenauer&#039;s\",\"isPartOf\":{\"@id\":\"https:\\\/\\\/www.wildenauer.at\\\/#website\"},\"primaryImageOfPage\":{\"@id\":\"https:\\\/\\\/www.wildenauer.at\\\/index.php\\\/drinks-section\\\/#primaryimage\"},\"image\":{\"@id\":\"https:\\\/\\\/www.wildenauer.at\\\/index.php\\\/drinks-section\\\/#primaryimage\"},\"thumbnailUrl\":\"https:\\\/\\\/www.wildenauer.at\\\/wordpress\\\/wp-content\\\/uploads\\\/2015\\\/03\\\/Stocksy_txpcd1dc0eemKP100_Medium_1292869.jpg\",\"datePublished\":\"2015-03-21T13:21:48+00:00\",\"dateModified\":\"2026-03-31T10:11:49+00:00\",\"breadcrumb\":{\"@id\":\"https:\\\/\\\/www.wildenauer.at\\\/index.php\\\/drinks-section\\\/#breadcrumb\"},\"inLanguage\":\"de\",\"potentialAction\":[{\"@type\":\"ReadAction\",\"target\":[\"https:\\\/\\\/www.wildenauer.at\\\/index.php\\\/drinks-section\\\/\"]}]},{\"@type\":\"ImageObject\",\"inLanguage\":\"de\",\"@id\":\"https:\\\/\\\/www.wildenauer.at\\\/index.php\\\/drinks-section\\\/#primaryimage\",\"url\":\"https:\\\/\\\/www.wildenauer.at\\\/wordpress\\\/wp-content\\\/uploads\\\/2015\\\/03\\\/Stocksy_txpcd1dc0eemKP100_Medium_1292869.jpg\",\"contentUrl\":\"https:\\\/\\\/www.wildenauer.at\\\/wordpress\\\/wp-content\\\/uploads\\\/2015\\\/03\\\/Stocksy_txpcd1dc0eemKP100_Medium_1292869.jpg\",\"width\":1733,\"height\":1155},{\"@type\":\"BreadcrumbList\",\"@id\":\"https:\\\/\\\/www.wildenauer.at\\\/index.php\\\/drinks-section\\\/#breadcrumb\",\"itemListElement\":[{\"@type\":\"ListItem\",\"position\":1,\"name\":\"Startseite\",\"item\":\"https:\\\/\\\/www.wildenauer.at\\\/\"},{\"@type\":\"ListItem\",\"position\":2,\"name\":\"Speisekarte Tagesangebot\"}]},{\"@type\":\"WebSite\",\"@id\":\"https:\\\/\\\/www.wildenauer.at\\\/#website\",\"url\":\"https:\\\/\\\/www.wildenauer.at\\\/\",\"name\":\"Wildenauer&#039;s\",\"description\":\"Restaurant und G\u00e4stezimmer in Biedermannsdorf bei Wien\",\"potentialAction\":[{\"@type\":\"SearchAction\",\"target\":{\"@type\":\"EntryPoint\",\"urlTemplate\":\"https:\\\/\\\/www.wildenauer.at\\\/?s={search_term_string}\"},\"query-input\":{\"@type\":\"PropertyValueSpecification\",\"valueRequired\":true,\"valueName\":\"search_term_string\"}}],\"inLanguage\":\"de\"}]}<\/script>\n<!-- \/ Yoast SEO plugin. -->","yoast_head_json":{"title":"Speisekarte Tagesangebot - Wildenauer&#039;s","robots":{"index":"index","follow":"follow","max-snippet":"max-snippet:-1","max-image-preview":"max-image-preview:large","max-video-preview":"max-video-preview:-1"},"canonical":"https:\/\/www.wildenauer.at\/index.php\/drinks-section\/","og_locale":"de_DE","og_type":"article","og_title":"Speisekarte Tagesangebot - Wildenauer&#039;s","og_description":"Unsere aktuellen \u00d6ffnungszeiten Sonntag, Montag: Ruhetag Dienstag bis Samstag: 11:00 bis 23:00 Uhr Feiertags: geschlossen K\u00dcCHE: Dienstag bis Samstag: 11:30 bis 21:00 Unser Wochenmen\u00fc von Di. 31.03. &#8211; Fr. 03.04.... read more","og_url":"https:\/\/www.wildenauer.at\/index.php\/drinks-section\/","og_site_name":"Wildenauer&#039;s","article_modified_time":"2026-03-31T10:11:49+00:00","og_image":[{"width":1733,"height":1155,"url":"http:\/\/www.wildenauer.at\/wordpress\/wp-content\/uploads\/2015\/03\/Stocksy_txpcd1dc0eemKP100_Medium_1292869.jpg","type":"image\/jpeg"}],"twitter_card":"summary_large_image","twitter_misc":{"Gesch\u00e4tzte Lesezeit":"1\u00a0Minute"},"schema":{"@context":"https:\/\/schema.org","@graph":[{"@type":"WebPage","@id":"https:\/\/www.wildenauer.at\/index.php\/drinks-section\/","url":"https:\/\/www.wildenauer.at\/index.php\/drinks-section\/","name":"Speisekarte Tagesangebot - Wildenauer&#039;s","isPartOf":{"@id":"https:\/\/www.wildenauer.at\/#website"},"primaryImageOfPage":{"@id":"https:\/\/www.wildenauer.at\/index.php\/drinks-section\/#primaryimage"},"image":{"@id":"https:\/\/www.wildenauer.at\/index.php\/drinks-section\/#primaryimage"},"thumbnailUrl":"https:\/\/www.wildenauer.at\/wordpress\/wp-content\/uploads\/2015\/03\/Stocksy_txpcd1dc0eemKP100_Medium_1292869.jpg","datePublished":"2015-03-21T13:21:48+00:00","dateModified":"2026-03-31T10:11:49+00:00","breadcrumb":{"@id":"https:\/\/www.wildenauer.at\/index.php\/drinks-section\/#breadcrumb"},"inLanguage":"de","potentialAction":[{"@type":"ReadAction","target":["https:\/\/www.wildenauer.at\/index.php\/drinks-section\/"]}]},{"@type":"ImageObject","inLanguage":"de","@id":"https:\/\/www.wildenauer.at\/index.php\/drinks-section\/#primaryimage","url":"https:\/\/www.wildenauer.at\/wordpress\/wp-content\/uploads\/2015\/03\/Stocksy_txpcd1dc0eemKP100_Medium_1292869.jpg","contentUrl":"https:\/\/www.wildenauer.at\/wordpress\/wp-content\/uploads\/2015\/03\/Stocksy_txpcd1dc0eemKP100_Medium_1292869.jpg","width":1733,"height":1155},{"@type":"BreadcrumbList","@id":"https:\/\/www.wildenauer.at\/index.php\/drinks-section\/#breadcrumb","itemListElement":[{"@type":"ListItem","position":1,"name":"Startseite","item":"https:\/\/www.wildenauer.at\/"},{"@type":"ListItem","position":2,"name":"Speisekarte Tagesangebot"}]},{"@type":"WebSite","@id":"https:\/\/www.wildenauer.at\/#website","url":"https:\/\/www.wildenauer.at\/","name":"Wildenauer&#039;s","description":"Restaurant und G\u00e4stezimmer in Biedermannsdorf bei Wien","potentialAction":[{"@type":"SearchAction","target":{"@type":"EntryPoint","urlTemplate":"https:\/\/www.wildenauer.at\/?s={search_term_string}"},"query-input":{"@type":"PropertyValueSpecification","valueRequired":true,"valueName":"search_term_string"}}],"inLanguage":"de"}]}},"_links":{"self":[{"href":"https:\/\/www.wildenauer.at\/index.php\/wp-json\/wp\/v2\/pages\/1814","targetHints":{"allow":["GET"]}}],"collection":[{"href":"https:\/\/www.wildenauer.at\/index.php\/wp-json\/wp\/v2\/pages"}],"about":[{"href":"https:\/\/www.wildenauer.at\/index.php\/wp-json\/wp\/v2\/types\/page"}],"author":[{"embeddable":true,"href":"https:\/\/www.wildenauer.at\/index.php\/wp-json\/wp\/v2\/users\/1"}],"replies":[{"embeddable":true,"href":"https:\/\/www.wildenauer.at\/index.php\/wp-json\/wp\/v2\/comments?post=1814"}],"version-history":[{"count":574,"href":"https:\/\/www.wildenauer.at\/index.php\/wp-json\/wp\/v2\/pages\/1814\/revisions"}],"predecessor-version":[{"id":7141,"href":"https:\/\/www.wildenauer.at\/index.php\/wp-json\/wp\/v2\/pages\/1814\/revisions\/7141"}],"wp:featuredmedia":[{"embeddable":true,"href":"https:\/\/www.wildenauer.at\/index.php\/wp-json\/wp\/v2\/media\/4076"}],"wp:attachment":[{"href":"https:\/\/www.wildenauer.at\/index.php\/wp-json\/wp\/v2\/media?parent=1814"}],"curies":[{"name":"wp","href":"https:\/\/api.w.org\/{rel}","templated":true}]}}