{"id":4049,"date":"2017-04-26T10:29:58","date_gmt":"2017-04-26T08:29:58","guid":{"rendered":"http:\/\/www.wildenauer.at\/wordpress\/?page_id=4049"},"modified":"2023-04-11T11:20:45","modified_gmt":"2023-04-11T09:20:45","slug":"hotelzimmer","status":"publish","type":"page","link":"https:\/\/www.wildenauer.at\/index.php\/hotelzimmer\/","title":{"rendered":"Hotelzimmer"},"content":{"rendered":"<h3 style=\"text-align: center;\">\u00a0SEIEN SIE GAST IM WILDENAUER&#8217;S<\/h3>\n<h6 style=\"text-align: center;\">Wir freuen uns auf Ihren Besuch<\/h6>\n<div class=\"divider2_hr\"><\/div>\n<div class=\"one_half\">\n\t\t\t<!-- START Hotel REVOLUTION SLIDER 6.7.25 --><p class=\"rs-p-wp-fix\"><\/p>\n\t\t\t<rs-module-wrap id=\"rev_slider_3_1_wrapper\" data-source=\"gallery\" style=\"visibility:hidden;background:transparent;padding:0;margin:0px auto;margin-top:0;margin-bottom:0;\">\n\t\t\t\t<rs-module id=\"rev_slider_3_1\" style=\"\" data-version=\"6.7.25\">\n\t\t\t\t\t<rs-slides style=\"overflow: hidden; position: absolute;\">\n\t\t\t\t\t\t<rs-slide style=\"position: absolute;\" data-key=\"rs-7\" data-title=\"Slide\" data-thumb=\"\/\/www.wildenauer.at\/wordpress\/wp-content\/uploads\/2016\/04\/20170320_151813-scaled-100x50.jpeg\" data-anim=\"adpr:false;\">\n\t\t\t\t\t\t\t<img decoding=\"async\" src=\"\/\/www.wildenauer.at\/wordpress\/wp-content\/plugins\/revslider1\/sr6\/assets\/assets\/dummy.png\" alt=\"\" title=\"Hotelzimmer\" class=\"rev-slidebg tp-rs-img rs-lazyload\" data-lazyload=\"\/\/www.wildenauer.at\/wordpress\/wp-content\/uploads\/2016\/04\/20170320_151813-scaled.jpeg\" data-parallax=\"off\" data-no-retina>\n<!---->\t\t\t\t\t<\/rs-slide>\n\t\t\t\t\t\t<rs-slide style=\"position: absolute;\" data-key=\"rs-8\" data-title=\"Slide\" data-thumb=\"\/\/www.wildenauer.at\/wordpress\/wp-content\/uploads\/2016\/04\/20170320_152310-scaled-100x50.jpeg\" data-anim=\"adpr:false;\">\n\t\t\t\t\t\t\t<img decoding=\"async\" src=\"\/\/www.wildenauer.at\/wordpress\/wp-content\/plugins\/revslider1\/sr6\/assets\/assets\/dummy.png\" alt=\"\" title=\"Hotelzimmer\" class=\"rev-slidebg tp-rs-img rs-lazyload\" data-lazyload=\"\/\/www.wildenauer.at\/wordpress\/wp-content\/uploads\/2016\/04\/20170320_152310-scaled.jpeg\" data-parallax=\"off\" data-no-retina>\n<!---->\t\t\t\t\t<\/rs-slide>\n\t\t\t\t\t\t<rs-slide style=\"position: absolute;\" data-key=\"rs-9\" data-title=\"Slide\" data-thumb=\"\/\/www.wildenauer.at\/wordpress\/wp-content\/uploads\/2016\/04\/20170320_151636-scaled-100x50.jpeg\" data-anim=\"adpr:false;\">\n\t\t\t\t\t\t\t<img decoding=\"async\" src=\"\/\/www.wildenauer.at\/wordpress\/wp-content\/plugins\/revslider1\/sr6\/assets\/assets\/dummy.png\" alt=\"\" title=\"Hotelzimmer\" class=\"rev-slidebg tp-rs-img rs-lazyload\" data-lazyload=\"\/\/www.wildenauer.at\/wordpress\/wp-content\/uploads\/2016\/04\/20170320_151636-scaled.jpeg\" data-parallax=\"off\" data-no-retina>\n<!---->\t\t\t\t\t<\/rs-slide>\n\t\t\t\t\t\t<rs-slide style=\"position: absolute;\" data-key=\"rs-10\" data-title=\"Slide\" data-thumb=\"\/\/www.wildenauer.at\/wordpress\/wp-content\/uploads\/2016\/04\/20170320_152331-scaled-100x50.jpeg\" data-anim=\"adpr:false;\">\n\t\t\t\t\t\t\t<img decoding=\"async\" src=\"\/\/www.wildenauer.at\/wordpress\/wp-content\/plugins\/revslider1\/sr6\/assets\/assets\/dummy.png\" alt=\"\" title=\"Hotelzimmer\" class=\"rev-slidebg tp-rs-img rs-lazyload\" data-lazyload=\"\/\/www.wildenauer.at\/wordpress\/wp-content\/uploads\/2016\/04\/20170320_152331-scaled.jpeg\" data-parallax=\"off\" data-no-retina>\n<!---->\t\t\t\t\t<\/rs-slide>\n\t\t\t\t\t\t<rs-slide style=\"position: absolute;\" data-key=\"rs-11\" data-title=\"Slide\" data-thumb=\"\/\/www.wildenauer.at\/wordpress\/wp-content\/uploads\/2016\/04\/20170320_152133-scaled-100x50.jpeg\" data-anim=\"adpr:false;\">\n\t\t\t\t\t\t\t<img decoding=\"async\" src=\"\/\/www.wildenauer.at\/wordpress\/wp-content\/plugins\/revslider1\/sr6\/assets\/assets\/dummy.png\" alt=\"\" title=\"Hotelzimmer\" class=\"rev-slidebg tp-rs-img rs-lazyload\" data-lazyload=\"\/\/www.wildenauer.at\/wordpress\/wp-content\/uploads\/2016\/04\/20170320_152133-scaled.jpeg\" data-parallax=\"off\" data-no-retina>\n<!---->\t\t\t\t\t<\/rs-slide>\n\t\t\t\t\t\t<rs-slide style=\"position: absolute;\" data-key=\"rs-13\" data-title=\"Slide\" data-thumb=\"\/\/www.wildenauer.at\/wordpress\/wp-content\/uploads\/2016\/04\/20170320_151614-scaled-100x50.jpeg\" data-anim=\"adpr:false;\">\n\t\t\t\t\t\t\t<img decoding=\"async\" src=\"\/\/www.wildenauer.at\/wordpress\/wp-content\/plugins\/revslider1\/sr6\/assets\/assets\/dummy.png\" alt=\"\" title=\"Hotelzimmer\" class=\"rev-slidebg tp-rs-img rs-lazyload\" data-lazyload=\"\/\/www.wildenauer.at\/wordpress\/wp-content\/uploads\/2016\/04\/20170320_151614-scaled.jpeg\" data-parallax=\"off\" data-no-retina>\n<!---->\t\t\t\t\t<\/rs-slide>\n\t\t\t\t\t<\/rs-slides>\n\t\t\t\t<\/rs-module>\n\t\t\t\t<script>\n\t\t\t\t\tsetREVStartSize({c: 'rev_slider_3_1',rl:[1240,1024,778,480],el:[],gw:[600],gh:[600],type:'carousel',justify:'',layout:'fullwidth',mh:\"0\"});if (window.RS_MODULES!==undefined && window.RS_MODULES.modules!==undefined && window.RS_MODULES.modules[\"revslider31\"]!==undefined) {window.RS_MODULES.modules[\"revslider31\"].once = false;window.revapi3 = undefined;if (window.RS_MODULES.checkMinimal!==undefined) window.RS_MODULES.checkMinimal()}\n\t\t\t\t<\/script>\n\t\t\t<\/rs-module-wrap>\n\t\t\t<!-- END REVOLUTION SLIDER -->\n<br \/>\n<\/div>\n<div class=\"one_half last\"><br \/>\nUnsere modern ausgestatteten Zimmer verf\u00fcgen \u00fcber<\/p>\n<ul>\n<li>Bad\/WC<\/li>\n<li>Sat-TV<\/li>\n<li>Arbeitsplatz<\/li>\n<li>Internetanschluss\/Wlan<\/li>\n<li>Gratis Parkplatz<\/li>\n<li>Alle Zimmer sind mit einer Klimaanlage ausgestattet<\/li>\n<\/ul>\n<p><strong>Preise pro Zimmer (inkl. Fr\u00fchst\u00fcck und Ortstaxe):<\/strong><\/p>\n<p>Einzelzimmer (pro Nacht): <strong> \u20ac 78,-<\/strong><br \/>\nDoppelzimmer (pro Nacht): <strong> \u20ac 110,-<\/strong><\/p>\n<p>Reservierungen unter: <strong>+43 2236 710 050<\/strong><br \/>\noder unter: <strong>+43 650 533 73 12<\/strong><br \/>\noder per E-Mail: <a href=\"mailto:office@wildenauer.at\" target=\"_blank\" rel=\"noopener noreferrer\"><strong>office@wildenauer.at<\/strong><\/a><\/p>\n<p><\/div>\r\n        <div class=\"clearboth\"><\/div>\n<div class=\"divider2_hr\"><\/div>\n<h3 style=\"text-align: center;\">UNSER SERVICE F\u00dcR IHR WOHLBEFINDEN<\/h3>\n<p>&nbsp;<\/p>\n<div class=\"one_third\"><div class=\"round-image\"><img loading=\"lazy\" decoding=\"async\" class=\"aligncenter size-full wp-image-3926\" src=\"http:\/\/www.wildenauer.at\/wordpress\/wp-content\/uploads\/2018\/01\/breakfast-shot1.jpg\" alt=\"dummy300300\" width=\"300\" height=\"300\" \/><\/div><\/p>\n<h6 style=\"text-align: center;\">FR\u00dcHST\u00dcCK INKLUSIVE<\/h6>\n<p style=\"text-align: left;\">Mit jeder Buchung erhalten unsere G\u00e4ste ein Fr\u00fchst\u00fcck inklusive. Dies beinhaltet einen Teller mit je zweierlei Wurst und K\u00e4se, dazu Rohkost, ein weiches Ei sowie ein Buffet und Kaffee zur freien Entnahme.<br \/>\nWir bem\u00fchen uns um Ihren Gaumen. Entdecken Sie k\u00f6stliche Mehlspeisen und herzhafte Fr\u00fchst\u00fccksgerichte f\u00fcr den perfekten Start in Ihren Tag.<\/p>\n<p><\/div>\n<div class=\"one_third\"><div class=\"round-image\"><img loading=\"lazy\" decoding=\"async\" class=\"aligncenter size-full wp-image-3926\" src=\"http:\/\/www.wildenauer.at\/wordpress\/wp-content\/uploads\/2017\/05\/raumklima.png\" alt=\"dummy300300\" width=\"300\" height=\"300\" \/><\/div><\/p>\n<h6 style=\"text-align: center;\">ANGENEHMES RAUMKLIMA<\/h6>\n<p style=\"text-align: left;\">Das Geb\u00e4ude des Wildenauer&#8217;s wurde erst vor kurzem vollst\u00e4ndig generalsaniert. Wir haben bei dem Umbau und der Erweiterung unserer G\u00e4stezimmer vor allem auf die Verwendung von qualitativ hochwertigen Baustoffen Wert gelegt.<br \/>\nDenn nichts ist uns wichtiger als Ihr erholsamer Schlaf.<\/p>\n<p><\/div>\n<div class=\"one_third last\"><div class=\"round-image\"><img loading=\"lazy\" decoding=\"async\" class=\"aligncenter size-full wp-image-3926\" src=\"http:\/\/www.wildenauer.at\/wordpress\/wp-content\/uploads\/2017\/05\/map.png\" alt=\"dummy300300\" width=\"300\" height=\"300\" \/><\/div><\/p>\n<h6 style=\"text-align: center;\">PERFEKTE VERKEHRSANBINDUNG<\/h6>\n<p style=\"text-align: left;\">Gute verkehrstechnische Lage mit unmittelbarer N\u00e4he zu Wien, Laxenburg, M\u00f6dling und IZ N\u00d6-S\u00fcd sowie dem Erholungsgebiet Wienerwald.<br \/>\nGerne erhalten Sie an der Rezeption Informationen zu Busverbindungen oder anderen \u00f6ffentlichen Verkehrsmittel.<\/p>\n<p><\/div>\r\n        <div class=\"clearboth\"><\/div>\n","protected":false},"excerpt":{"rendered":"<p>\u00a0SEIEN SIE GAST IM WILDENAUER&#8217;S Wir freuen uns auf Ihren Besuch UNSER SERVICE F\u00dcR IHR WOHLBEFINDEN &nbsp;<\/p>\n","protected":false},"author":1,"featured_media":4454,"parent":0,"menu_order":28,"comment_status":"closed","ping_status":"closed","template":"page-templates\/template-content-boxes.php","meta":{"footnotes":""},"class_list":["post-4049","page","type-page","status-publish","has-post-thumbnail","hentry"],"yoast_head":"<!-- This site is optimized with the Yoast SEO plugin v27.4 - https:\/\/yoast.com\/product\/yoast-seo-wordpress\/ -->\n<title>Wildenauer&#039;s - Restaurant, Caf\u00e9 und Hotel | Hotelzimmer<\/title>\n<meta name=\"description\" content=\"Seien Sie Gast im Wildenauer&#039;s und bleiben Sie \u00fcber Nacht. Wir bieten modern eingerichtete Hotelzimmer inklusive Fr\u00fchst\u00fcck, und eine gute verkehrstechnische Lage mit unmittelbarer N\u00e4he zu Wien, Laxenburg, M\u00f6dling sowie dem Erholungsgebiet Wienerwald.\" \/>\n<meta name=\"robots\" content=\"index, follow, max-snippet:-1, max-image-preview:large, max-video-preview:-1\" \/>\n<link rel=\"canonical\" href=\"https:\/\/www.wildenauer.at\/index.php\/hotelzimmer\/\" \/>\n<meta property=\"og:locale\" content=\"de_DE\" \/>\n<meta property=\"og:type\" content=\"article\" \/>\n<meta property=\"og:title\" content=\"Wildenauer&#039;s - Restaurant, Caf\u00e9 und Hotel | Hotelzimmer\" \/>\n<meta property=\"og:description\" content=\"Seien Sie Gast im Wildenauer&#039;s und bleiben Sie \u00fcber Nacht. Wir bieten modern eingerichtete Hotelzimmer inklusive Fr\u00fchst\u00fcck, und eine gute verkehrstechnische Lage mit unmittelbarer N\u00e4he zu Wien, Laxenburg, M\u00f6dling sowie dem Erholungsgebiet Wienerwald.\" \/>\n<meta property=\"og:url\" content=\"https:\/\/www.wildenauer.at\/index.php\/hotelzimmer\/\" \/>\n<meta property=\"og:site_name\" content=\"Wildenauer&#039;s\" \/>\n<meta property=\"article:modified_time\" content=\"2023-04-11T09:20:45+00:00\" \/>\n<meta property=\"og:image\" content=\"https:\/\/www.wildenauer.at\/wordpress\/wp-content\/uploads\/2017\/04\/zimmer1.jpg\" \/>\n\t<meta property=\"og:image:width\" content=\"2000\" \/>\n\t<meta property=\"og:image:height\" content=\"659\" \/>\n\t<meta property=\"og:image:type\" content=\"image\/jpeg\" \/>\n<meta name=\"twitter:card\" content=\"summary_large_image\" \/>\n<meta name=\"twitter:label1\" content=\"Gesch\u00e4tzte Lesezeit\" \/>\n\t<meta name=\"twitter:data1\" content=\"2\u00a0Minuten\" \/>\n<script type=\"application\/ld+json\" class=\"yoast-schema-graph\">{\"@context\":\"https:\\\/\\\/schema.org\",\"@graph\":[{\"@type\":\"WebPage\",\"@id\":\"https:\\\/\\\/www.wildenauer.at\\\/index.php\\\/hotelzimmer\\\/\",\"url\":\"https:\\\/\\\/www.wildenauer.at\\\/index.php\\\/hotelzimmer\\\/\",\"name\":\"Wildenauer's - Restaurant, Caf\u00e9 und Hotel | Hotelzimmer\",\"isPartOf\":{\"@id\":\"https:\\\/\\\/www.wildenauer.at\\\/#website\"},\"primaryImageOfPage\":{\"@id\":\"https:\\\/\\\/www.wildenauer.at\\\/index.php\\\/hotelzimmer\\\/#primaryimage\"},\"image\":{\"@id\":\"https:\\\/\\\/www.wildenauer.at\\\/index.php\\\/hotelzimmer\\\/#primaryimage\"},\"thumbnailUrl\":\"https:\\\/\\\/www.wildenauer.at\\\/wordpress\\\/wp-content\\\/uploads\\\/2017\\\/04\\\/zimmer1.jpg\",\"datePublished\":\"2017-04-26T08:29:58+00:00\",\"dateModified\":\"2023-04-11T09:20:45+00:00\",\"description\":\"Seien Sie Gast im Wildenauer's und bleiben Sie \u00fcber Nacht. Wir bieten modern eingerichtete Hotelzimmer inklusive Fr\u00fchst\u00fcck, und eine gute verkehrstechnische Lage mit unmittelbarer N\u00e4he zu Wien, Laxenburg, M\u00f6dling sowie dem Erholungsgebiet Wienerwald.\",\"breadcrumb\":{\"@id\":\"https:\\\/\\\/www.wildenauer.at\\\/index.php\\\/hotelzimmer\\\/#breadcrumb\"},\"inLanguage\":\"de\",\"potentialAction\":[{\"@type\":\"ReadAction\",\"target\":[\"https:\\\/\\\/www.wildenauer.at\\\/index.php\\\/hotelzimmer\\\/\"]}]},{\"@type\":\"ImageObject\",\"inLanguage\":\"de\",\"@id\":\"https:\\\/\\\/www.wildenauer.at\\\/index.php\\\/hotelzimmer\\\/#primaryimage\",\"url\":\"https:\\\/\\\/www.wildenauer.at\\\/wordpress\\\/wp-content\\\/uploads\\\/2017\\\/04\\\/zimmer1.jpg\",\"contentUrl\":\"https:\\\/\\\/www.wildenauer.at\\\/wordpress\\\/wp-content\\\/uploads\\\/2017\\\/04\\\/zimmer1.jpg\",\"width\":2000,\"height\":659},{\"@type\":\"BreadcrumbList\",\"@id\":\"https:\\\/\\\/www.wildenauer.at\\\/index.php\\\/hotelzimmer\\\/#breadcrumb\",\"itemListElement\":[{\"@type\":\"ListItem\",\"position\":1,\"name\":\"Startseite\",\"item\":\"https:\\\/\\\/www.wildenauer.at\\\/\"},{\"@type\":\"ListItem\",\"position\":2,\"name\":\"Hotelzimmer\"}]},{\"@type\":\"WebSite\",\"@id\":\"https:\\\/\\\/www.wildenauer.at\\\/#website\",\"url\":\"https:\\\/\\\/www.wildenauer.at\\\/\",\"name\":\"Wildenauer&#039;s\",\"description\":\"Restaurant und G\u00e4stezimmer in Biedermannsdorf bei Wien\",\"potentialAction\":[{\"@type\":\"SearchAction\",\"target\":{\"@type\":\"EntryPoint\",\"urlTemplate\":\"https:\\\/\\\/www.wildenauer.at\\\/?s={search_term_string}\"},\"query-input\":{\"@type\":\"PropertyValueSpecification\",\"valueRequired\":true,\"valueName\":\"search_term_string\"}}],\"inLanguage\":\"de\"}]}<\/script>\n<!-- \/ Yoast SEO plugin. -->","yoast_head_json":{"title":"Wildenauer's - Restaurant, Caf\u00e9 und Hotel | Hotelzimmer","description":"Seien Sie Gast im Wildenauer's und bleiben Sie \u00fcber Nacht. Wir bieten modern eingerichtete Hotelzimmer inklusive Fr\u00fchst\u00fcck, und eine gute verkehrstechnische Lage mit unmittelbarer N\u00e4he zu Wien, Laxenburg, M\u00f6dling sowie dem Erholungsgebiet Wienerwald.","robots":{"index":"index","follow":"follow","max-snippet":"max-snippet:-1","max-image-preview":"max-image-preview:large","max-video-preview":"max-video-preview:-1"},"canonical":"https:\/\/www.wildenauer.at\/index.php\/hotelzimmer\/","og_locale":"de_DE","og_type":"article","og_title":"Wildenauer's - Restaurant, Caf\u00e9 und Hotel | Hotelzimmer","og_description":"Seien Sie Gast im Wildenauer's und bleiben Sie \u00fcber Nacht. Wir bieten modern eingerichtete Hotelzimmer inklusive Fr\u00fchst\u00fcck, und eine gute verkehrstechnische Lage mit unmittelbarer N\u00e4he zu Wien, Laxenburg, M\u00f6dling sowie dem Erholungsgebiet Wienerwald.","og_url":"https:\/\/www.wildenauer.at\/index.php\/hotelzimmer\/","og_site_name":"Wildenauer&#039;s","article_modified_time":"2023-04-11T09:20:45+00:00","og_image":[{"width":2000,"height":659,"url":"https:\/\/www.wildenauer.at\/wordpress\/wp-content\/uploads\/2017\/04\/zimmer1.jpg","type":"image\/jpeg"}],"twitter_card":"summary_large_image","twitter_misc":{"Gesch\u00e4tzte Lesezeit":"2\u00a0Minuten"},"schema":{"@context":"https:\/\/schema.org","@graph":[{"@type":"WebPage","@id":"https:\/\/www.wildenauer.at\/index.php\/hotelzimmer\/","url":"https:\/\/www.wildenauer.at\/index.php\/hotelzimmer\/","name":"Wildenauer's - Restaurant, Caf\u00e9 und Hotel | Hotelzimmer","isPartOf":{"@id":"https:\/\/www.wildenauer.at\/#website"},"primaryImageOfPage":{"@id":"https:\/\/www.wildenauer.at\/index.php\/hotelzimmer\/#primaryimage"},"image":{"@id":"https:\/\/www.wildenauer.at\/index.php\/hotelzimmer\/#primaryimage"},"thumbnailUrl":"https:\/\/www.wildenauer.at\/wordpress\/wp-content\/uploads\/2017\/04\/zimmer1.jpg","datePublished":"2017-04-26T08:29:58+00:00","dateModified":"2023-04-11T09:20:45+00:00","description":"Seien Sie Gast im Wildenauer's und bleiben Sie \u00fcber Nacht. Wir bieten modern eingerichtete Hotelzimmer inklusive Fr\u00fchst\u00fcck, und eine gute verkehrstechnische Lage mit unmittelbarer N\u00e4he zu Wien, Laxenburg, M\u00f6dling sowie dem Erholungsgebiet Wienerwald.","breadcrumb":{"@id":"https:\/\/www.wildenauer.at\/index.php\/hotelzimmer\/#breadcrumb"},"inLanguage":"de","potentialAction":[{"@type":"ReadAction","target":["https:\/\/www.wildenauer.at\/index.php\/hotelzimmer\/"]}]},{"@type":"ImageObject","inLanguage":"de","@id":"https:\/\/www.wildenauer.at\/index.php\/hotelzimmer\/#primaryimage","url":"https:\/\/www.wildenauer.at\/wordpress\/wp-content\/uploads\/2017\/04\/zimmer1.jpg","contentUrl":"https:\/\/www.wildenauer.at\/wordpress\/wp-content\/uploads\/2017\/04\/zimmer1.jpg","width":2000,"height":659},{"@type":"BreadcrumbList","@id":"https:\/\/www.wildenauer.at\/index.php\/hotelzimmer\/#breadcrumb","itemListElement":[{"@type":"ListItem","position":1,"name":"Startseite","item":"https:\/\/www.wildenauer.at\/"},{"@type":"ListItem","position":2,"name":"Hotelzimmer"}]},{"@type":"WebSite","@id":"https:\/\/www.wildenauer.at\/#website","url":"https:\/\/www.wildenauer.at\/","name":"Wildenauer&#039;s","description":"Restaurant und G\u00e4stezimmer in Biedermannsdorf bei Wien","potentialAction":[{"@type":"SearchAction","target":{"@type":"EntryPoint","urlTemplate":"https:\/\/www.wildenauer.at\/?s={search_term_string}"},"query-input":{"@type":"PropertyValueSpecification","valueRequired":true,"valueName":"search_term_string"}}],"inLanguage":"de"}]}},"_links":{"self":[{"href":"https:\/\/www.wildenauer.at\/index.php\/wp-json\/wp\/v2\/pages\/4049","targetHints":{"allow":["GET"]}}],"collection":[{"href":"https:\/\/www.wildenauer.at\/index.php\/wp-json\/wp\/v2\/pages"}],"about":[{"href":"https:\/\/www.wildenauer.at\/index.php\/wp-json\/wp\/v2\/types\/page"}],"author":[{"embeddable":true,"href":"https:\/\/www.wildenauer.at\/index.php\/wp-json\/wp\/v2\/users\/1"}],"replies":[{"embeddable":true,"href":"https:\/\/www.wildenauer.at\/index.php\/wp-json\/wp\/v2\/comments?post=4049"}],"version-history":[{"count":87,"href":"https:\/\/www.wildenauer.at\/index.php\/wp-json\/wp\/v2\/pages\/4049\/revisions"}],"predecessor-version":[{"id":6501,"href":"https:\/\/www.wildenauer.at\/index.php\/wp-json\/wp\/v2\/pages\/4049\/revisions\/6501"}],"wp:featuredmedia":[{"embeddable":true,"href":"https:\/\/www.wildenauer.at\/index.php\/wp-json\/wp\/v2\/media\/4454"}],"wp:attachment":[{"href":"https:\/\/www.wildenauer.at\/index.php\/wp-json\/wp\/v2\/media?parent=4049"}],"curies":[{"name":"wp","href":"https:\/\/api.w.org\/{rel}","templated":true}]}}