{"id":4240,"date":"2017-05-04T10:25:00","date_gmt":"2017-05-04T08:25:00","guid":{"rendered":"http:\/\/www.wildenauer.at\/wordpress\/?page_id=4240"},"modified":"2022-09-19T18:50:42","modified_gmt":"2022-09-19T16:50:42","slug":"impressum","status":"publish","type":"page","link":"https:\/\/www.wildenauer.at\/index.php\/impressum\/","title":{"rendered":"Impressum &#038; Datenschutz"},"content":{"rendered":"","protected":false},"excerpt":{"rendered":"","protected":false},"author":1,"featured_media":4531,"parent":0,"menu_order":22,"comment_status":"closed","ping_status":"closed","template":"page-templates\/template-content-boxes.php","meta":{"footnotes":""},"class_list":["post-4240","page","type-page","status-publish","has-post-thumbnail","hentry"],"yoast_head":"<!-- This site is optimized with the Yoast SEO plugin v27.4 - https:\/\/yoast.com\/product\/yoast-seo-wordpress\/ -->\n<title>Wildenauer&#039;s - Restaurant, Caf\u00e9 und Hotel | Impressum<\/title>\n<meta name=\"description\" content=\"F\u00fcr den Inhalt dieser Website verantwortlich: Restaurant Wildenauer&#039;s, Laxenburger Stra\u00dfe 1, 2362 Biedermannsdorf. Besitzer: Alexander Fink. Tel: +43\/(0) 2236 710 050. E-Mail: office@wildenauer.at. Web: www.wildernauer.at\" \/>\n<meta name=\"robots\" content=\"index, follow, max-snippet:-1, max-image-preview:large, max-video-preview:-1\" \/>\n<link rel=\"canonical\" href=\"https:\/\/www.wildenauer.at\/index.php\/impressum\/\" \/>\n<meta property=\"og:locale\" content=\"de_DE\" \/>\n<meta property=\"og:type\" content=\"article\" \/>\n<meta property=\"og:title\" content=\"Wildenauer&#039;s - Restaurant, Caf\u00e9 und Hotel | Impressum\" \/>\n<meta property=\"og:description\" content=\"F\u00fcr den Inhalt dieser Website verantwortlich: Restaurant Wildenauer&#039;s, Laxenburger Stra\u00dfe 1, 2362 Biedermannsdorf. Besitzer: Alexander Fink. Tel: +43\/(0) 2236 710 050. E-Mail: office@wildenauer.at. Web: www.wildernauer.at\" \/>\n<meta property=\"og:url\" content=\"https:\/\/www.wildenauer.at\/index.php\/impressum\/\" \/>\n<meta property=\"og:site_name\" content=\"Wildenauer&#039;s\" \/>\n<meta property=\"article:modified_time\" content=\"2022-09-19T16:50:42+00:00\" \/>\n<meta property=\"og:image\" content=\"https:\/\/www.wildenauer.at\/wordpress\/wp-content\/uploads\/2016\/04\/27908124_1693479937362279_6142536822456828369_o.jpg\" \/>\n\t<meta property=\"og:image:width\" content=\"2048\" \/>\n\t<meta property=\"og:image:height\" content=\"1536\" \/>\n\t<meta property=\"og:image:type\" content=\"image\/jpeg\" \/>\n<meta name=\"twitter:card\" content=\"summary_large_image\" \/>\n<script type=\"application\/ld+json\" class=\"yoast-schema-graph\">{\"@context\":\"https:\\\/\\\/schema.org\",\"@graph\":[{\"@type\":\"WebPage\",\"@id\":\"https:\\\/\\\/www.wildenauer.at\\\/index.php\\\/impressum\\\/\",\"url\":\"https:\\\/\\\/www.wildenauer.at\\\/index.php\\\/impressum\\\/\",\"name\":\"Wildenauer's - Restaurant, Caf\u00e9 und Hotel | Impressum\",\"isPartOf\":{\"@id\":\"https:\\\/\\\/www.wildenauer.at\\\/#website\"},\"primaryImageOfPage\":{\"@id\":\"https:\\\/\\\/www.wildenauer.at\\\/index.php\\\/impressum\\\/#primaryimage\"},\"image\":{\"@id\":\"https:\\\/\\\/www.wildenauer.at\\\/index.php\\\/impressum\\\/#primaryimage\"},\"thumbnailUrl\":\"https:\\\/\\\/www.wildenauer.at\\\/wordpress\\\/wp-content\\\/uploads\\\/2016\\\/04\\\/27908124_1693479937362279_6142536822456828369_o.jpg\",\"datePublished\":\"2017-05-04T08:25:00+00:00\",\"dateModified\":\"2022-09-19T16:50:42+00:00\",\"description\":\"F\u00fcr den Inhalt dieser Website verantwortlich: Restaurant Wildenauer's, Laxenburger Stra\u00dfe 1, 2362 Biedermannsdorf. Besitzer: Alexander Fink. Tel: +43\\\/(0) 2236 710 050. E-Mail: office@wildenauer.at. Web: www.wildernauer.at\",\"breadcrumb\":{\"@id\":\"https:\\\/\\\/www.wildenauer.at\\\/index.php\\\/impressum\\\/#breadcrumb\"},\"inLanguage\":\"de\",\"potentialAction\":[{\"@type\":\"ReadAction\",\"target\":[\"https:\\\/\\\/www.wildenauer.at\\\/index.php\\\/impressum\\\/\"]}]},{\"@type\":\"ImageObject\",\"inLanguage\":\"de\",\"@id\":\"https:\\\/\\\/www.wildenauer.at\\\/index.php\\\/impressum\\\/#primaryimage\",\"url\":\"https:\\\/\\\/www.wildenauer.at\\\/wordpress\\\/wp-content\\\/uploads\\\/2016\\\/04\\\/27908124_1693479937362279_6142536822456828369_o.jpg\",\"contentUrl\":\"https:\\\/\\\/www.wildenauer.at\\\/wordpress\\\/wp-content\\\/uploads\\\/2016\\\/04\\\/27908124_1693479937362279_6142536822456828369_o.jpg\",\"width\":2048,\"height\":1536},{\"@type\":\"BreadcrumbList\",\"@id\":\"https:\\\/\\\/www.wildenauer.at\\\/index.php\\\/impressum\\\/#breadcrumb\",\"itemListElement\":[{\"@type\":\"ListItem\",\"position\":1,\"name\":\"Startseite\",\"item\":\"https:\\\/\\\/www.wildenauer.at\\\/\"},{\"@type\":\"ListItem\",\"position\":2,\"name\":\"Impressum &#038; Datenschutz\"}]},{\"@type\":\"WebSite\",\"@id\":\"https:\\\/\\\/www.wildenauer.at\\\/#website\",\"url\":\"https:\\\/\\\/www.wildenauer.at\\\/\",\"name\":\"Wildenauer&#039;s\",\"description\":\"Restaurant und G\u00e4stezimmer in Biedermannsdorf bei Wien\",\"potentialAction\":[{\"@type\":\"SearchAction\",\"target\":{\"@type\":\"EntryPoint\",\"urlTemplate\":\"https:\\\/\\\/www.wildenauer.at\\\/?s={search_term_string}\"},\"query-input\":{\"@type\":\"PropertyValueSpecification\",\"valueRequired\":true,\"valueName\":\"search_term_string\"}}],\"inLanguage\":\"de\"}]}<\/script>\n<!-- \/ Yoast SEO plugin. -->","yoast_head_json":{"title":"Wildenauer's - Restaurant, Caf\u00e9 und Hotel | Impressum","description":"F\u00fcr den Inhalt dieser Website verantwortlich: Restaurant Wildenauer's, Laxenburger Stra\u00dfe 1, 2362 Biedermannsdorf. Besitzer: Alexander Fink. Tel: +43\/(0) 2236 710 050. E-Mail: office@wildenauer.at. Web: www.wildernauer.at","robots":{"index":"index","follow":"follow","max-snippet":"max-snippet:-1","max-image-preview":"max-image-preview:large","max-video-preview":"max-video-preview:-1"},"canonical":"https:\/\/www.wildenauer.at\/index.php\/impressum\/","og_locale":"de_DE","og_type":"article","og_title":"Wildenauer's - Restaurant, Caf\u00e9 und Hotel | Impressum","og_description":"F\u00fcr den Inhalt dieser Website verantwortlich: Restaurant Wildenauer's, Laxenburger Stra\u00dfe 1, 2362 Biedermannsdorf. Besitzer: Alexander Fink. Tel: +43\/(0) 2236 710 050. E-Mail: office@wildenauer.at. Web: www.wildernauer.at","og_url":"https:\/\/www.wildenauer.at\/index.php\/impressum\/","og_site_name":"Wildenauer&#039;s","article_modified_time":"2022-09-19T16:50:42+00:00","og_image":[{"width":2048,"height":1536,"url":"https:\/\/www.wildenauer.at\/wordpress\/wp-content\/uploads\/2016\/04\/27908124_1693479937362279_6142536822456828369_o.jpg","type":"image\/jpeg"}],"twitter_card":"summary_large_image","schema":{"@context":"https:\/\/schema.org","@graph":[{"@type":"WebPage","@id":"https:\/\/www.wildenauer.at\/index.php\/impressum\/","url":"https:\/\/www.wildenauer.at\/index.php\/impressum\/","name":"Wildenauer's - Restaurant, Caf\u00e9 und Hotel | Impressum","isPartOf":{"@id":"https:\/\/www.wildenauer.at\/#website"},"primaryImageOfPage":{"@id":"https:\/\/www.wildenauer.at\/index.php\/impressum\/#primaryimage"},"image":{"@id":"https:\/\/www.wildenauer.at\/index.php\/impressum\/#primaryimage"},"thumbnailUrl":"https:\/\/www.wildenauer.at\/wordpress\/wp-content\/uploads\/2016\/04\/27908124_1693479937362279_6142536822456828369_o.jpg","datePublished":"2017-05-04T08:25:00+00:00","dateModified":"2022-09-19T16:50:42+00:00","description":"F\u00fcr den Inhalt dieser Website verantwortlich: Restaurant Wildenauer's, Laxenburger Stra\u00dfe 1, 2362 Biedermannsdorf. Besitzer: Alexander Fink. Tel: +43\/(0) 2236 710 050. E-Mail: office@wildenauer.at. Web: www.wildernauer.at","breadcrumb":{"@id":"https:\/\/www.wildenauer.at\/index.php\/impressum\/#breadcrumb"},"inLanguage":"de","potentialAction":[{"@type":"ReadAction","target":["https:\/\/www.wildenauer.at\/index.php\/impressum\/"]}]},{"@type":"ImageObject","inLanguage":"de","@id":"https:\/\/www.wildenauer.at\/index.php\/impressum\/#primaryimage","url":"https:\/\/www.wildenauer.at\/wordpress\/wp-content\/uploads\/2016\/04\/27908124_1693479937362279_6142536822456828369_o.jpg","contentUrl":"https:\/\/www.wildenauer.at\/wordpress\/wp-content\/uploads\/2016\/04\/27908124_1693479937362279_6142536822456828369_o.jpg","width":2048,"height":1536},{"@type":"BreadcrumbList","@id":"https:\/\/www.wildenauer.at\/index.php\/impressum\/#breadcrumb","itemListElement":[{"@type":"ListItem","position":1,"name":"Startseite","item":"https:\/\/www.wildenauer.at\/"},{"@type":"ListItem","position":2,"name":"Impressum &#038; Datenschutz"}]},{"@type":"WebSite","@id":"https:\/\/www.wildenauer.at\/#website","url":"https:\/\/www.wildenauer.at\/","name":"Wildenauer&#039;s","description":"Restaurant und G\u00e4stezimmer in Biedermannsdorf bei Wien","potentialAction":[{"@type":"SearchAction","target":{"@type":"EntryPoint","urlTemplate":"https:\/\/www.wildenauer.at\/?s={search_term_string}"},"query-input":{"@type":"PropertyValueSpecification","valueRequired":true,"valueName":"search_term_string"}}],"inLanguage":"de"}]}},"_links":{"self":[{"href":"https:\/\/www.wildenauer.at\/index.php\/wp-json\/wp\/v2\/pages\/4240","targetHints":{"allow":["GET"]}}],"collection":[{"href":"https:\/\/www.wildenauer.at\/index.php\/wp-json\/wp\/v2\/pages"}],"about":[{"href":"https:\/\/www.wildenauer.at\/index.php\/wp-json\/wp\/v2\/types\/page"}],"author":[{"embeddable":true,"href":"https:\/\/www.wildenauer.at\/index.php\/wp-json\/wp\/v2\/users\/1"}],"replies":[{"embeddable":true,"href":"https:\/\/www.wildenauer.at\/index.php\/wp-json\/wp\/v2\/comments?post=4240"}],"version-history":[{"count":17,"href":"https:\/\/www.wildenauer.at\/index.php\/wp-json\/wp\/v2\/pages\/4240\/revisions"}],"predecessor-version":[{"id":6123,"href":"https:\/\/www.wildenauer.at\/index.php\/wp-json\/wp\/v2\/pages\/4240\/revisions\/6123"}],"wp:featuredmedia":[{"embeddable":true,"href":"https:\/\/www.wildenauer.at\/index.php\/wp-json\/wp\/v2\/media\/4531"}],"wp:attachment":[{"href":"https:\/\/www.wildenauer.at\/index.php\/wp-json\/wp\/v2\/media?parent=4240"}],"curies":[{"name":"wp","href":"https:\/\/api.w.org\/{rel}","templated":true}]}}